{"id":446,"date":"2022-03-25T14:12:36","date_gmt":"2022-03-25T12:12:36","guid":{"rendered":"https:\/\/www.talent.barcelona\/contacte\/"},"modified":"2026-01-15T16:50:42","modified_gmt":"2026-01-15T14:50:42","slug":"contacto","status":"publish","type":"page","link":"https:\/\/www.talent.barcelona\/es\/contacto\/","title":{"rendered":"Contacto"},"content":{"rendered":"<p>[et_pb_section fb_built=\u00bb1&#8243; _builder_version=\u00bb4.16&#8243; _module_preset=\u00bbdefault\u00bb min_height=\u00bb738.2px\u00bb custom_padding=\u00bb||68px|||\u00bb global_colors_info=\u00bb{}\u00bb][et_pb_row column_structure=\u00bb1_2,1_2&#8243; _builder_version=\u00bb4.16&#8243; _module_preset=\u00bbdefault\u00bb global_colors_info=\u00bb{}\u00bb][et_pb_column type=\u00bb1_2&#8243; _builder_version=\u00bb4.16&#8243; _module_preset=\u00bbdefault\u00bb global_colors_info=\u00bb{}\u00bb][et_pb_image src=\u00bbhttps:\/\/www.talent.barcelona\/wp-content\/uploads\/2022\/04\/talent-3-def.svg\u00bb title_text=\u00bbtalent-3-def\u00bb _builder_version=\u00bb4.16.0&#8243; _module_preset=\u00bbdefault\u00bb transform_scale=\u00bb74%|74%\u00bb max_width=\u00bb463px\u00bb min_height=\u00bb338px\u00bb custom_padding=\u00bb||0px|44px||\u00bb box_shadow_style=\u00bbpreset5&#8243; box_shadow_horizontal=\u00bb-1px\u00bb global_colors_info=\u00bb{}\u00bb][\/et_pb_image][et_pb_text _builder_version=\u00bb4.27.4&#8243; _module_preset=\u00bbdefault\u00bb global_colors_info=\u00bb{}\u00bb]<\/p>\n<h5><b>Direcci\u00f3n<\/b><\/h5>\n<h5>\u00a0<\/h5>\n<h5><span style=\"font-weight: 400;\">B\u00e0rbara Mart\u00edn<\/span><\/h5>\n<p><a href=\"mailto:barbara@talent.barcelona\"><span style=\"font-weight: 400;\">barbara@talent.barcelona<\/span><\/a><\/p>\n<p>&nbsp;<\/p>\n<p><b style=\"font-size: 16px;\">Booking<\/b><\/p>\n<p>Iannis Assimenidis<b style=\"font-size: 16px;\"><\/b><\/p>\n<p><a href=\"mailto:booking@talent.barcelona\"><span style=\"font-weight: 400;\">iannis@talent.barcelona<\/span><\/a><\/p>\n<p><a href=\"mailto:booking@talent.barcelona\"><span style=\"font-weight: 400;\">booking@talent.barcelona<\/span><\/a><\/p>\n<p>&nbsp;<\/p>\n<p><b>Producci\u00f3n<\/b><\/p>\n<p><span style=\"font-weight: 400;\">Judith Gonz\u00e1lez<\/span><\/p>\n<p><a href=\"mailto:produccio@talent.barcelona\"><span style=\"font-weight: 400;\">produccio@talent.barcelona<\/span><\/a><\/p>\n<p>&nbsp;<\/p>\n<p><b>Comunicaci\u00f3n<\/b><\/p>\n<p>N\u00faria Escrib\u00e0<b><\/b><\/p>\n<p><a href=\"mailto:comunicacio@talent.barcelona\"><span style=\"font-weight: 400;\">comunicacio@talent.barcelona<\/span><\/a><\/p>\n<p>[\/et_pb_text][\/et_pb_column][et_pb_column type=\u00bb1_2&#8243; _builder_version=\u00bb4.16&#8243; _module_preset=\u00bbdefault\u00bb global_colors_info=\u00bb{}\u00bb][et_pb_text _builder_version=\u00bb4.16.0&#8243; _module_preset=\u00bbdefault\u00bb width=\u00bb85.3%\u00bb min_height=\u00bb118px\u00bb custom_margin=\u00bb||-172px|13px||\u00bb custom_padding=\u00bb62px||0px|||\u00bb global_colors_info=\u00bb{}\u00bb]<\/p>\n<p>Hola, \u00a1me gustar\u00eda hacer una consulta!<\/p>\n\n<div class=\"wpcf7 no-js\" id=\"wpcf7-f685-o1\" lang=\"es-ES\" dir=\"ltr\" data-wpcf7-id=\"685\">\n<div class=\"screen-reader-response\"><p role=\"status\" aria-live=\"polite\" aria-atomic=\"true\"><\/p> <ul><\/ul><\/div>\n<form action=\"\/es\/wp-json\/wp\/v2\/pages\/446#wpcf7-f685-o1\" method=\"post\" class=\"wpcf7-form init\" aria-label=\"Formulario de contacto\" novalidate=\"novalidate\" data-status=\"init\">\n<fieldset class=\"hidden-fields-container\"><input type=\"hidden\" name=\"_wpcf7\" value=\"685\" \/><input type=\"hidden\" name=\"_wpcf7_version\" value=\"6.1.3\" \/><input type=\"hidden\" name=\"_wpcf7_locale\" value=\"es_ES\" \/><input type=\"hidden\" name=\"_wpcf7_unit_tag\" value=\"wpcf7-f685-o1\" \/><input type=\"hidden\" name=\"_wpcf7_container_post\" value=\"0\" \/><input type=\"hidden\" name=\"_wpcf7_posted_data_hash\" value=\"\" \/><input type=\"hidden\" name=\"_wpcf7_recaptcha_response\" value=\"\" \/>\n<\/fieldset>\n<div class=\"et_pb_contact\">\n\t<div class=\"et_pb_contact_left\">\n\t\t<p><span class=\"wpcf7-form-control-wrap\" data-name=\"your-name\"><input size=\"40\" maxlength=\"400\" class=\"wpcf7-form-control wpcf7-text wpcf7-validates-as-required\" aria-required=\"true\" aria-invalid=\"false\" placeholder=\"Nombre*\" value=\"\" type=\"text\" name=\"your-name\" \/><\/span>\n\t\t<\/p>\n\t\t<p><span class=\"wpcf7-form-control-wrap\" data-name=\"your-email\"><input size=\"40\" maxlength=\"400\" class=\"wpcf7-form-control wpcf7-email wpcf7-validates-as-required wpcf7-text wpcf7-validates-as-email\" aria-required=\"true\" aria-invalid=\"false\" placeholder=\"Correo electr\u00f3nico*\" value=\"\" type=\"email\" name=\"your-email\" \/><\/span>\n\t\t<\/p>\n\t\t<p><span class=\"wpcf7-form-control-wrap\" data-name=\"your-message\"><textarea cols=\"40\" rows=\"10\" maxlength=\"2000\" class=\"wpcf7-form-control wpcf7-textarea\" aria-invalid=\"false\" placeholder=\"Comentanos\" name=\"your-message\"><\/textarea><\/span>\n\t\t<\/p>\n\t<\/div>\n<\/div>\n<p style=\"float:left;\"><span class=\"wpcf7-form-control-wrap\" data-name=\"politica-privacitat\"><span class=\"wpcf7-form-control wpcf7-acceptance\"><span class=\"wpcf7-list-item\"><label><input type=\"checkbox\" name=\"politica-privacitat\" value=\"1\" aria-invalid=\"false\" \/><span class=\"wpcf7-list-item-label\">He le\u00eddo y acepto la pol\u00edtica de privacidad<\/span><\/label><\/span><\/span><\/span>\n<\/p>\n<p style=\"float:right;\"><input class=\"wpcf7-form-control wpcf7-submit has-spinner\" type=\"submit\" value=\"Enviar\" \/>\n<\/p>\n<p style=\"clear:both;\">\n<\/p><div class=\"wpcf7-response-output\" aria-hidden=\"true\"><\/div>\n<\/form>\n<\/div>\n\n<p>[\/et_pb_text][\/et_pb_column][\/et_pb_row][\/et_pb_section]<\/p>\n","protected":false},"excerpt":{"rendered":"<p>Direcci\u00f3n \u00a0 B\u00e0rbara Mart\u00edn barbara@talent.barcelona &nbsp; Booking Iannis Assimenidis iannis@talent.barcelona booking@talent.barcelona &nbsp; Producci\u00f3n Judith Gonz\u00e1lez produccio@talent.barcelona &nbsp; Comunicaci\u00f3n N\u00faria Escrib\u00e0 comunicacio@talent.barcelonaHola, \u00a1me gustar\u00eda hacer una consulta! \n<div class=\"wpcf7 no-js\" id=\"wpcf7-f685-o2\" lang=\"es-ES\" dir=\"ltr\" data-wpcf7-id=\"685\">\n<div class=\"screen-reader-response\"><p role=\"status\" aria-live=\"polite\" aria-atomic=\"true\"><\/p> <ul><\/ul><\/div>\n<form action=\"\/es\/wp-json\/wp\/v2\/pages\/446#wpcf7-f685-o2\" method=\"post\" class=\"wpcf7-form init\" aria-label=\"Formulario de contacto\" novalidate=\"novalidate\" data-status=\"init\">\n<fieldset class=\"hidden-fields-container\"><input type=\"hidden\" name=\"_wpcf7\" value=\"685\" \/><input type=\"hidden\" name=\"_wpcf7_version\" value=\"6.1.3\" \/><input type=\"hidden\" name=\"_wpcf7_locale\" value=\"es_ES\" \/><input type=\"hidden\" name=\"_wpcf7_unit_tag\" value=\"wpcf7-f685-o2\" \/><input type=\"hidden\" name=\"_wpcf7_container_post\" value=\"0\" \/><input type=\"hidden\" name=\"_wpcf7_posted_data_hash\" value=\"\" \/><input type=\"hidden\" name=\"_wpcf7_recaptcha_response\" value=\"\" \/>\n<\/fieldset>\n<div class=\"et_pb_contact\">\n\t<div class=\"et_pb_contact_left\">\n\t\t<p><span class=\"wpcf7-form-control-wrap\" data-name=\"your-name\"><input size=\"40\" maxlength=\"400\" class=\"wpcf7-form-control wpcf7-text wpcf7-validates-as-required\" aria-required=\"true\" aria-invalid=\"false\" placeholder=\"Nombre*\" value=\"\" type=\"text\" name=\"your-name\" \/><\/span>\n\t\t<\/p>\n\t\t<p><span class=\"wpcf7-form-control-wrap\" data-name=\"your-email\"><input size=\"40\" maxlength=\"400\" class=\"wpcf7-form-control wpcf7-email wpcf7-validates-as-required wpcf7-text wpcf7-validates-as-email\" aria-required=\"true\" aria-invalid=\"false\" placeholder=\"Correo electr\u00f3nico*\" value=\"\" type=\"email\" name=\"your-email\" \/><\/span>\n\t\t<\/p>\n\t\t<p><span class=\"wpcf7-form-control-wrap\" data-name=\"your-message\"><textarea cols=\"40\" rows=\"10\" maxlength=\"2000\" class=\"wpcf7-form-control wpcf7-textarea\" aria-invalid=\"false\" placeholder=\"Comentanos\" name=\"your-message\"><\/textarea><\/span>\n\t\t<\/p>\n\t<\/div>\n<\/div>\n<p style=\"float:left;\"><span class=\"wpcf7-form-control-wrap\" data-name=\"politica-privacitat\"><span class=\"wpcf7-form-control wpcf7-acceptance\"><span class=\"wpcf7-list-item\"><label><input type=\"checkbox\" name=\"politica-privacitat\" value=\"1\" aria-invalid=\"false\" \/><span class=\"wpcf7-list-item-label\">He le\u00eddo y acepto la pol\u00edtica de privacidad<\/span><\/label><\/span><\/span><\/span>\n<\/p>\n<p style=\"float:right;\"><input class=\"wpcf7-form-control wpcf7-submit has-spinner\" type=\"submit\" value=\"Enviar\" \/>\n<\/p>\n<p style=\"clear:both;\">\n<\/p><div class=\"wpcf7-response-output\" aria-hidden=\"true\"><\/div>\n<\/form>\n<\/div>\n<\/p>\n","protected":false},"author":1,"featured_media":0,"parent":0,"menu_order":0,"comment_status":"closed","ping_status":"closed","template":"","meta":{"_acf_changed":false,"_et_pb_use_builder":"on","_et_pb_old_content":"","_et_gb_content_width":"","footnotes":""},"class_list":["post-446","page","type-page","status-publish","hentry"],"acf":[],"yoast_head":"<!-- This site is optimized with the Yoast SEO plugin v27.4 - https:\/\/yoast.com\/product\/yoast-seo-wordpress\/ -->\n<title>Contacto - TALENT<\/title>\n<meta name=\"robots\" content=\"index, follow, max-snippet:-1, max-image-preview:large, max-video-preview:-1\" \/>\n<link rel=\"canonical\" href=\"https:\/\/www.talent.barcelona\/es\/contacto\/\" \/>\n<meta property=\"og:locale\" content=\"es_ES\" \/>\n<meta property=\"og:type\" content=\"article\" \/>\n<meta property=\"og:title\" content=\"Contacto - TALENT\" \/>\n<meta property=\"og:description\" content=\"Direcci\u00f3n \u00a0 B\u00e0rbara Mart\u00edn barbara@talent.barcelona &nbsp; Booking Iannis Assimenidis iannis@talent.barcelona booking@talent.barcelona &nbsp; Producci\u00f3n Judith Gonz\u00e1lez produccio@talent.barcelona &nbsp; Comunicaci\u00f3n N\u00faria Escrib\u00e0 comunicacio@talent.barcelonaHola, \u00a1me gustar\u00eda hacer una consulta!\" \/>\n<meta property=\"og:url\" content=\"https:\/\/www.talent.barcelona\/es\/contacto\/\" \/>\n<meta property=\"og:site_name\" content=\"TALENT\" \/>\n<meta property=\"article:modified_time\" content=\"2026-01-15T14:50:42+00:00\" \/>\n<meta name=\"twitter:card\" content=\"summary_large_image\" \/>\n<meta name=\"twitter:label1\" content=\"Tiempo de lectura\" \/>\n\t<meta name=\"twitter:data1\" content=\"1 minuto\" \/>\n<script type=\"application\/ld+json\" class=\"yoast-schema-graph\">{\"@context\":\"https:\\\/\\\/schema.org\",\"@graph\":[{\"@type\":\"WebPage\",\"@id\":\"https:\\\/\\\/www.talent.barcelona\\\/es\\\/contacto\\\/\",\"url\":\"https:\\\/\\\/www.talent.barcelona\\\/es\\\/contacto\\\/\",\"name\":\"Contacto - TALENT\",\"isPartOf\":{\"@id\":\"https:\\\/\\\/www.talent.barcelona\\\/#website\"},\"datePublished\":\"2022-03-25T12:12:36+00:00\",\"dateModified\":\"2026-01-15T14:50:42+00:00\",\"breadcrumb\":{\"@id\":\"https:\\\/\\\/www.talent.barcelona\\\/es\\\/contacto\\\/#breadcrumb\"},\"inLanguage\":\"es\",\"potentialAction\":[{\"@type\":\"ReadAction\",\"target\":[\"https:\\\/\\\/www.talent.barcelona\\\/es\\\/contacto\\\/\"]}]},{\"@type\":\"BreadcrumbList\",\"@id\":\"https:\\\/\\\/www.talent.barcelona\\\/es\\\/contacto\\\/#breadcrumb\",\"itemListElement\":[{\"@type\":\"ListItem\",\"position\":1,\"name\":\"Inici\",\"item\":\"https:\\\/\\\/www.talent.barcelona\\\/es\\\/\"},{\"@type\":\"ListItem\",\"position\":2,\"name\":\"Contacto\"}]},{\"@type\":\"WebSite\",\"@id\":\"https:\\\/\\\/www.talent.barcelona\\\/#website\",\"url\":\"https:\\\/\\\/www.talent.barcelona\\\/\",\"name\":\"TALENT\",\"description\":\"REPRESENTACI\u00d3 I PROMOCI\u00d3 D\u2019ARTISTES\",\"potentialAction\":[{\"@type\":\"SearchAction\",\"target\":{\"@type\":\"EntryPoint\",\"urlTemplate\":\"https:\\\/\\\/www.talent.barcelona\\\/?s={search_term_string}\"},\"query-input\":{\"@type\":\"PropertyValueSpecification\",\"valueRequired\":true,\"valueName\":\"search_term_string\"}}],\"inLanguage\":\"es\"}]}<\/script>\n<!-- \/ Yoast SEO plugin. -->","yoast_head_json":{"title":"Contacto - TALENT","robots":{"index":"index","follow":"follow","max-snippet":"max-snippet:-1","max-image-preview":"max-image-preview:large","max-video-preview":"max-video-preview:-1"},"canonical":"https:\/\/www.talent.barcelona\/es\/contacto\/","og_locale":"es_ES","og_type":"article","og_title":"Contacto - TALENT","og_description":"Direcci\u00f3n \u00a0 B\u00e0rbara Mart\u00edn barbara@talent.barcelona &nbsp; Booking Iannis Assimenidis iannis@talent.barcelona booking@talent.barcelona &nbsp; Producci\u00f3n Judith Gonz\u00e1lez produccio@talent.barcelona &nbsp; Comunicaci\u00f3n N\u00faria Escrib\u00e0 comunicacio@talent.barcelonaHola, \u00a1me gustar\u00eda hacer una consulta!","og_url":"https:\/\/www.talent.barcelona\/es\/contacto\/","og_site_name":"TALENT","article_modified_time":"2026-01-15T14:50:42+00:00","twitter_card":"summary_large_image","twitter_misc":{"Tiempo de lectura":"1 minuto"},"schema":{"@context":"https:\/\/schema.org","@graph":[{"@type":"WebPage","@id":"https:\/\/www.talent.barcelona\/es\/contacto\/","url":"https:\/\/www.talent.barcelona\/es\/contacto\/","name":"Contacto - TALENT","isPartOf":{"@id":"https:\/\/www.talent.barcelona\/#website"},"datePublished":"2022-03-25T12:12:36+00:00","dateModified":"2026-01-15T14:50:42+00:00","breadcrumb":{"@id":"https:\/\/www.talent.barcelona\/es\/contacto\/#breadcrumb"},"inLanguage":"es","potentialAction":[{"@type":"ReadAction","target":["https:\/\/www.talent.barcelona\/es\/contacto\/"]}]},{"@type":"BreadcrumbList","@id":"https:\/\/www.talent.barcelona\/es\/contacto\/#breadcrumb","itemListElement":[{"@type":"ListItem","position":1,"name":"Inici","item":"https:\/\/www.talent.barcelona\/es\/"},{"@type":"ListItem","position":2,"name":"Contacto"}]},{"@type":"WebSite","@id":"https:\/\/www.talent.barcelona\/#website","url":"https:\/\/www.talent.barcelona\/","name":"TALENT","description":"REPRESENTACI\u00d3 I PROMOCI\u00d3 D\u2019ARTISTES","potentialAction":[{"@type":"SearchAction","target":{"@type":"EntryPoint","urlTemplate":"https:\/\/www.talent.barcelona\/?s={search_term_string}"},"query-input":{"@type":"PropertyValueSpecification","valueRequired":true,"valueName":"search_term_string"}}],"inLanguage":"es"}]}},"_links":{"self":[{"href":"https:\/\/www.talent.barcelona\/es\/wp-json\/wp\/v2\/pages\/446","targetHints":{"allow":["GET"]}}],"collection":[{"href":"https:\/\/www.talent.barcelona\/es\/wp-json\/wp\/v2\/pages"}],"about":[{"href":"https:\/\/www.talent.barcelona\/es\/wp-json\/wp\/v2\/types\/page"}],"author":[{"embeddable":true,"href":"https:\/\/www.talent.barcelona\/es\/wp-json\/wp\/v2\/users\/1"}],"replies":[{"embeddable":true,"href":"https:\/\/www.talent.barcelona\/es\/wp-json\/wp\/v2\/comments?post=446"}],"version-history":[{"count":21,"href":"https:\/\/www.talent.barcelona\/es\/wp-json\/wp\/v2\/pages\/446\/revisions"}],"predecessor-version":[{"id":3295,"href":"https:\/\/www.talent.barcelona\/es\/wp-json\/wp\/v2\/pages\/446\/revisions\/3295"}],"wp:attachment":[{"href":"https:\/\/www.talent.barcelona\/es\/wp-json\/wp\/v2\/media?parent=446"}],"curies":[{"name":"wp","href":"https:\/\/api.w.org\/{rel}","templated":true}]}}