{"id":445,"date":"2022-03-25T14:12:36","date_gmt":"2022-03-25T12:12:36","guid":{"rendered":"https:\/\/www.talent.barcelona\/contacte\/"},"modified":"2026-01-15T16:51:56","modified_gmt":"2026-01-15T14:51:56","slug":"contact","status":"publish","type":"page","link":"https:\/\/www.talent.barcelona\/en\/contact\/","title":{"rendered":"Contact"},"content":{"rendered":"<p>[et_pb_section fb_built=&#8221;1&#8243; _builder_version=&#8221;4.16&#8243; _module_preset=&#8221;default&#8221; min_height=&#8221;738.2px&#8221; custom_padding=&#8221;||68px|||&#8221; global_colors_info=&#8221;{}&#8221;][et_pb_row column_structure=&#8221;1_2,1_2&#8243; _builder_version=&#8221;4.16&#8243; _module_preset=&#8221;default&#8221; hover_enabled=&#8221;0&#8243; global_colors_info=&#8221;{}&#8221; collapsed=&#8221;off&#8221; sticky_enabled=&#8221;0&#8243;][et_pb_column type=&#8221;1_2&#8243; _builder_version=&#8221;4.16&#8243; _module_preset=&#8221;default&#8221; global_colors_info=&#8221;{}&#8221;][et_pb_image src=&#8221;https:\/\/www.talent.barcelona\/wp-content\/uploads\/2022\/04\/talent-3-def.svg&#8221; title_text=&#8221;talent-3-def&#8221; _builder_version=&#8221;4.16.0&#8243; _module_preset=&#8221;default&#8221; transform_scale=&#8221;74%|74%&#8221; max_width=&#8221;463px&#8221; min_height=&#8221;338px&#8221; custom_padding=&#8221;||0px|44px||&#8221; box_shadow_style=&#8221;preset5&#8243; box_shadow_horizontal=&#8221;-1px&#8221; global_colors_info=&#8221;{}&#8221;][\/et_pb_image][et_pb_text _builder_version=&#8221;4.27.4&#8243; _module_preset=&#8221;default&#8221; hover_enabled=&#8221;0&#8243; global_colors_info=&#8221;{}&#8221; admin_label=&#8221;Text&#8221; sticky_enabled=&#8221;0&#8243;]<\/p>\n<h5><b>Direction<\/b><\/h5>\n<h5>\u00a0<\/h5>\n<h5><span style=\"font-weight: 400;\">B\u00e0rbara Mart\u00edn<\/span><\/h5>\n<p><a href=\"mailto:barbara@talent.barcelona\"><span style=\"font-weight: 400;\">barbara@talent.barcelona<\/span><\/a><\/p>\n<p>&nbsp;<\/p>\n<p><b style=\"font-size: 16px;\">Booking<\/b><\/p>\n<p>Iannis Assimenidis<b style=\"font-size: 16px;\"><\/b><\/p>\n<p><a href=\"mailto:booking@talent.barcelona\"><span style=\"font-weight: 400;\">iannis@talent.barcelona<\/span><\/a><\/p>\n<p><a href=\"mailto:booking@talent.barcelona\"><span style=\"font-weight: 400;\">booking@talent.barcelona<\/span><\/a><\/p>\n<p>&nbsp;<\/p>\n<p><b>Production<\/b><\/p>\n<p><span style=\"font-weight: 400;\">Judith Gonz\u00e1lez<\/span><\/p>\n<p><a href=\"mailto:produccio@talent.barcelona\"><span style=\"font-weight: 400;\">produccio@talent.barcelona<\/span><\/a><\/p>\n<p>&nbsp;<\/p>\n<p><b>Comunication<\/b><\/p>\n<p>N\u00faria Escrib\u00e0\u00a0<b><\/b><\/p>\n<p><a href=\"mailto:comunicacio@talent.barcelona\"><span style=\"font-weight: 400;\">comunicacio@talent.barcelona<\/span><\/a><\/p>\n<p>[\/et_pb_text][\/et_pb_column][et_pb_column type=&#8221;1_2&#8243; _builder_version=&#8221;4.16&#8243; _module_preset=&#8221;default&#8221; global_colors_info=&#8221;{}&#8221;][et_pb_text _builder_version=&#8221;4.16.0&#8243; _module_preset=&#8221;default&#8221; width=&#8221;85.3%&#8221; min_height=&#8221;118px&#8221; custom_margin=&#8221;||-172px|13px||&#8221; custom_padding=&#8221;62px||0px|||&#8221; global_colors_info=&#8221;{}&#8221;]<\/p>\n<p>Hi, I would appreciate making a request!<\/p>\n\n<div class=\"wpcf7 no-js\" id=\"wpcf7-f684-o1\" lang=\"en-US\" dir=\"ltr\" data-wpcf7-id=\"684\">\n<div class=\"screen-reader-response\"><p role=\"status\" aria-live=\"polite\" aria-atomic=\"true\"><\/p> <ul><\/ul><\/div>\n<form action=\"\/en\/wp-json\/wp\/v2\/pages\/445#wpcf7-f684-o1\" method=\"post\" class=\"wpcf7-form init\" aria-label=\"Contact form\" novalidate=\"novalidate\" data-status=\"init\">\n<fieldset class=\"hidden-fields-container\"><input type=\"hidden\" name=\"_wpcf7\" value=\"684\" \/><input type=\"hidden\" name=\"_wpcf7_version\" value=\"6.1.3\" \/><input type=\"hidden\" name=\"_wpcf7_locale\" value=\"en_US\" \/><input type=\"hidden\" name=\"_wpcf7_unit_tag\" value=\"wpcf7-f684-o1\" \/><input type=\"hidden\" name=\"_wpcf7_container_post\" value=\"0\" \/><input type=\"hidden\" name=\"_wpcf7_posted_data_hash\" value=\"\" \/><input type=\"hidden\" name=\"_wpcf7_recaptcha_response\" value=\"\" \/>\n<\/fieldset>\n<div class=\"et_pb_contact\">\n\t<div class=\"et_pb_contact_left\">\n\t\t<p><span class=\"wpcf7-form-control-wrap\" data-name=\"your-name\"><input size=\"40\" maxlength=\"400\" class=\"wpcf7-form-control wpcf7-text wpcf7-validates-as-required\" aria-required=\"true\" aria-invalid=\"false\" placeholder=\"Name*\" value=\"\" type=\"text\" name=\"your-name\" \/><\/span>\n\t\t<\/p>\n\t\t<p><span class=\"wpcf7-form-control-wrap\" data-name=\"your-email\"><input size=\"40\" maxlength=\"400\" class=\"wpcf7-form-control wpcf7-email wpcf7-validates-as-required wpcf7-text wpcf7-validates-as-email\" aria-required=\"true\" aria-invalid=\"false\" placeholder=\"Email*\" value=\"\" type=\"email\" name=\"your-email\" \/><\/span>\n\t\t<\/p>\n\t\t<p><span class=\"wpcf7-form-control-wrap\" data-name=\"your-message\"><textarea cols=\"40\" rows=\"10\" maxlength=\"2000\" class=\"wpcf7-form-control wpcf7-textarea\" aria-invalid=\"false\" placeholder=\"Your message\" name=\"your-message\"><\/textarea><\/span>\n\t\t<\/p>\n\t<\/div>\n<\/div>\n<p style=\"float:left;\"><span class=\"wpcf7-form-control-wrap\" data-name=\"politica-privacitat\"><span class=\"wpcf7-form-control wpcf7-acceptance\"><span class=\"wpcf7-list-item\"><label><input type=\"checkbox\" name=\"politica-privacitat\" value=\"1\" aria-invalid=\"false\" \/><span class=\"wpcf7-list-item-label\">I have read and accept the privacy policy<\/span><\/label><\/span><\/span><\/span>\n<\/p>\n<p style=\"float:right;\"><input class=\"wpcf7-form-control wpcf7-submit has-spinner\" type=\"submit\" value=\"Submit\" \/>\n<\/p>\n<p style=\"clear:both;\">\n<\/p><div class=\"wpcf7-response-output\" aria-hidden=\"true\"><\/div>\n<\/form>\n<\/div>\n\n<p>[\/et_pb_text][\/et_pb_column][\/et_pb_row][\/et_pb_section]<\/p>\n","protected":false},"excerpt":{"rendered":"<p>Direction \u00a0 B\u00e0rbara Mart\u00edn barbara@talent.barcelona &nbsp; Booking Iannis Assimenidis iannis@talent.barcelona booking@talent.barcelona &nbsp; Production Judith Gonz\u00e1lez produccio@talent.barcelona &nbsp; Comunication N\u00faria Escrib\u00e0\u00a0 comunicacio@talent.barcelonaHi, I would appreciate making a request! \n<div class=\"wpcf7 no-js\" id=\"wpcf7-f684-o2\" lang=\"en-US\" dir=\"ltr\" data-wpcf7-id=\"684\">\n<div class=\"screen-reader-response\"><p role=\"status\" aria-live=\"polite\" aria-atomic=\"true\"><\/p> <ul><\/ul><\/div>\n<form action=\"\/en\/wp-json\/wp\/v2\/pages\/445#wpcf7-f684-o2\" method=\"post\" class=\"wpcf7-form init\" aria-label=\"Contact form\" novalidate=\"novalidate\" data-status=\"init\">\n<fieldset class=\"hidden-fields-container\"><input type=\"hidden\" name=\"_wpcf7\" value=\"684\" \/><input type=\"hidden\" name=\"_wpcf7_version\" value=\"6.1.3\" \/><input type=\"hidden\" name=\"_wpcf7_locale\" value=\"en_US\" \/><input type=\"hidden\" name=\"_wpcf7_unit_tag\" value=\"wpcf7-f684-o2\" \/><input type=\"hidden\" name=\"_wpcf7_container_post\" value=\"0\" \/><input type=\"hidden\" name=\"_wpcf7_posted_data_hash\" value=\"\" \/><input type=\"hidden\" name=\"_wpcf7_recaptcha_response\" value=\"\" \/>\n<\/fieldset>\n<div class=\"et_pb_contact\">\n\t<div class=\"et_pb_contact_left\">\n\t\t<p><span class=\"wpcf7-form-control-wrap\" data-name=\"your-name\"><input size=\"40\" maxlength=\"400\" class=\"wpcf7-form-control wpcf7-text wpcf7-validates-as-required\" aria-required=\"true\" aria-invalid=\"false\" placeholder=\"Name*\" value=\"\" type=\"text\" name=\"your-name\" \/><\/span>\n\t\t<\/p>\n\t\t<p><span class=\"wpcf7-form-control-wrap\" data-name=\"your-email\"><input size=\"40\" maxlength=\"400\" class=\"wpcf7-form-control wpcf7-email wpcf7-validates-as-required wpcf7-text wpcf7-validates-as-email\" aria-required=\"true\" aria-invalid=\"false\" placeholder=\"Email*\" value=\"\" type=\"email\" name=\"your-email\" \/><\/span>\n\t\t<\/p>\n\t\t<p><span class=\"wpcf7-form-control-wrap\" data-name=\"your-message\"><textarea cols=\"40\" rows=\"10\" maxlength=\"2000\" class=\"wpcf7-form-control wpcf7-textarea\" aria-invalid=\"false\" placeholder=\"Your message\" name=\"your-message\"><\/textarea><\/span>\n\t\t<\/p>\n\t<\/div>\n<\/div>\n<p style=\"float:left;\"><span class=\"wpcf7-form-control-wrap\" data-name=\"politica-privacitat\"><span class=\"wpcf7-form-control wpcf7-acceptance\"><span class=\"wpcf7-list-item\"><label><input type=\"checkbox\" name=\"politica-privacitat\" value=\"1\" aria-invalid=\"false\" \/><span class=\"wpcf7-list-item-label\">I have read and accept the privacy policy<\/span><\/label><\/span><\/span><\/span>\n<\/p>\n<p style=\"float:right;\"><input class=\"wpcf7-form-control wpcf7-submit has-spinner\" type=\"submit\" value=\"Submit\" \/>\n<\/p>\n<p style=\"clear:both;\">\n<\/p><div class=\"wpcf7-response-output\" aria-hidden=\"true\"><\/div>\n<\/form>\n<\/div>\n<\/p>\n","protected":false},"author":1,"featured_media":0,"parent":0,"menu_order":0,"comment_status":"closed","ping_status":"closed","template":"","meta":{"_acf_changed":false,"_et_pb_use_builder":"on","_et_pb_old_content":"","_et_gb_content_width":"","footnotes":""},"class_list":["post-445","page","type-page","status-publish","hentry"],"acf":[],"yoast_head":"<!-- This site is optimized with the Yoast SEO plugin v27.4 - https:\/\/yoast.com\/product\/yoast-seo-wordpress\/ -->\n<title>Contact - TALENT<\/title>\n<meta name=\"description\" content=\"Contact Talent\" \/>\n<meta name=\"robots\" content=\"index, follow, max-snippet:-1, max-image-preview:large, max-video-preview:-1\" \/>\n<link rel=\"canonical\" href=\"https:\/\/www.talent.barcelona\/en\/contact\/\" \/>\n<meta property=\"og:locale\" content=\"en_US\" \/>\n<meta property=\"og:type\" content=\"article\" \/>\n<meta property=\"og:title\" content=\"Contact - TALENT\" \/>\n<meta property=\"og:description\" content=\"Contact Talent\" \/>\n<meta property=\"og:url\" content=\"https:\/\/www.talent.barcelona\/en\/contact\/\" \/>\n<meta property=\"og:site_name\" content=\"TALENT\" \/>\n<meta property=\"article:modified_time\" content=\"2026-01-15T14:51:56+00:00\" \/>\n<meta name=\"twitter:card\" content=\"summary_large_image\" \/>\n<meta name=\"twitter:label1\" content=\"Est. reading time\" \/>\n\t<meta name=\"twitter:data1\" content=\"1 minute\" \/>\n<script type=\"application\/ld+json\" class=\"yoast-schema-graph\">{\"@context\":\"https:\\\/\\\/schema.org\",\"@graph\":[{\"@type\":\"WebPage\",\"@id\":\"https:\\\/\\\/www.talent.barcelona\\\/en\\\/contact\\\/\",\"url\":\"https:\\\/\\\/www.talent.barcelona\\\/en\\\/contact\\\/\",\"name\":\"Contact - TALENT\",\"isPartOf\":{\"@id\":\"https:\\\/\\\/www.talent.barcelona\\\/#website\"},\"datePublished\":\"2022-03-25T12:12:36+00:00\",\"dateModified\":\"2026-01-15T14:51:56+00:00\",\"description\":\"Contact Talent\",\"breadcrumb\":{\"@id\":\"https:\\\/\\\/www.talent.barcelona\\\/en\\\/contact\\\/#breadcrumb\"},\"inLanguage\":\"en-US\",\"potentialAction\":[{\"@type\":\"ReadAction\",\"target\":[\"https:\\\/\\\/www.talent.barcelona\\\/en\\\/contact\\\/\"]}]},{\"@type\":\"BreadcrumbList\",\"@id\":\"https:\\\/\\\/www.talent.barcelona\\\/en\\\/contact\\\/#breadcrumb\",\"itemListElement\":[{\"@type\":\"ListItem\",\"position\":1,\"name\":\"Inici\",\"item\":\"https:\\\/\\\/www.talent.barcelona\\\/en\\\/\"},{\"@type\":\"ListItem\",\"position\":2,\"name\":\"Contact\"}]},{\"@type\":\"WebSite\",\"@id\":\"https:\\\/\\\/www.talent.barcelona\\\/#website\",\"url\":\"https:\\\/\\\/www.talent.barcelona\\\/\",\"name\":\"TALENT\",\"description\":\"REPRESENTACI\u00d3 I PROMOCI\u00d3 D\u2019ARTISTES\",\"potentialAction\":[{\"@type\":\"SearchAction\",\"target\":{\"@type\":\"EntryPoint\",\"urlTemplate\":\"https:\\\/\\\/www.talent.barcelona\\\/?s={search_term_string}\"},\"query-input\":{\"@type\":\"PropertyValueSpecification\",\"valueRequired\":true,\"valueName\":\"search_term_string\"}}],\"inLanguage\":\"en-US\"}]}<\/script>\n<!-- \/ Yoast SEO plugin. -->","yoast_head_json":{"title":"Contact - TALENT","description":"Contact Talent","robots":{"index":"index","follow":"follow","max-snippet":"max-snippet:-1","max-image-preview":"max-image-preview:large","max-video-preview":"max-video-preview:-1"},"canonical":"https:\/\/www.talent.barcelona\/en\/contact\/","og_locale":"en_US","og_type":"article","og_title":"Contact - TALENT","og_description":"Contact Talent","og_url":"https:\/\/www.talent.barcelona\/en\/contact\/","og_site_name":"TALENT","article_modified_time":"2026-01-15T14:51:56+00:00","twitter_card":"summary_large_image","twitter_misc":{"Est. reading time":"1 minute"},"schema":{"@context":"https:\/\/schema.org","@graph":[{"@type":"WebPage","@id":"https:\/\/www.talent.barcelona\/en\/contact\/","url":"https:\/\/www.talent.barcelona\/en\/contact\/","name":"Contact - TALENT","isPartOf":{"@id":"https:\/\/www.talent.barcelona\/#website"},"datePublished":"2022-03-25T12:12:36+00:00","dateModified":"2026-01-15T14:51:56+00:00","description":"Contact Talent","breadcrumb":{"@id":"https:\/\/www.talent.barcelona\/en\/contact\/#breadcrumb"},"inLanguage":"en-US","potentialAction":[{"@type":"ReadAction","target":["https:\/\/www.talent.barcelona\/en\/contact\/"]}]},{"@type":"BreadcrumbList","@id":"https:\/\/www.talent.barcelona\/en\/contact\/#breadcrumb","itemListElement":[{"@type":"ListItem","position":1,"name":"Inici","item":"https:\/\/www.talent.barcelona\/en\/"},{"@type":"ListItem","position":2,"name":"Contact"}]},{"@type":"WebSite","@id":"https:\/\/www.talent.barcelona\/#website","url":"https:\/\/www.talent.barcelona\/","name":"TALENT","description":"REPRESENTACI\u00d3 I PROMOCI\u00d3 D\u2019ARTISTES","potentialAction":[{"@type":"SearchAction","target":{"@type":"EntryPoint","urlTemplate":"https:\/\/www.talent.barcelona\/?s={search_term_string}"},"query-input":{"@type":"PropertyValueSpecification","valueRequired":true,"valueName":"search_term_string"}}],"inLanguage":"en-US"}]}},"_links":{"self":[{"href":"https:\/\/www.talent.barcelona\/en\/wp-json\/wp\/v2\/pages\/445","targetHints":{"allow":["GET"]}}],"collection":[{"href":"https:\/\/www.talent.barcelona\/en\/wp-json\/wp\/v2\/pages"}],"about":[{"href":"https:\/\/www.talent.barcelona\/en\/wp-json\/wp\/v2\/types\/page"}],"author":[{"embeddable":true,"href":"https:\/\/www.talent.barcelona\/en\/wp-json\/wp\/v2\/users\/1"}],"replies":[{"embeddable":true,"href":"https:\/\/www.talent.barcelona\/en\/wp-json\/wp\/v2\/comments?post=445"}],"version-history":[{"count":19,"href":"https:\/\/www.talent.barcelona\/en\/wp-json\/wp\/v2\/pages\/445\/revisions"}],"predecessor-version":[{"id":3296,"href":"https:\/\/www.talent.barcelona\/en\/wp-json\/wp\/v2\/pages\/445\/revisions\/3296"}],"wp:attachment":[{"href":"https:\/\/www.talent.barcelona\/en\/wp-json\/wp\/v2\/media?parent=445"}],"curies":[{"name":"wp","href":"https:\/\/api.w.org\/{rel}","templated":true}]}}